{"id":57,"date":"2014-10-06T10:03:44","date_gmt":"2014-10-06T10:03:44","guid":{"rendered":"http:\/\/www.holiday.umbrella.al\/light\/?page_id=57"},"modified":"2015-12-03T21:00:33","modified_gmt":"2015-12-03T21:00:33","slug":"about","status":"publish","type":"page","link":"https:\/\/wp.ckamur.cl\/fr\/about\/","title":{"rendered":"Nosotros"},"content":{"rendered":"<h3><strong><span style=\"color: #e2b55d;\">Ckamur Hospedaje boutique, Caldera - Atacama - Chile<\/span><\/strong><\/h3>\r\n<img class=\"alignnone wp-image-394 size-large\" src=\"https:\/\/wp.ckamur.cl\/wp-content\/uploads\/2014\/10\/vari-1024x132.png\" alt=\"\" width=\"1024\" height=\"132\" \/>\r\n\r\nCkamur es un hospedaje \u00e9tnico que rescata el pasado prehisp\u00e1nico del puerto de Caldera y sus alrededores, cuya construcci\u00f3n en quincha reforzada, con tabiquer\u00eda de madera y brea, otorga condiciones \u00fanicas para su estabilidad t\u00e9rmica y resistencia antis\u00edsmica.\r\n\r\nLa quincha es un m\u00e9todo constructivo originario de Atacama que emplea elementos naturales propios de la regi\u00f3n: consiste en ramas de brea (un arbusto que crece en nuestros r\u00edos) revestidas con una mezcla de barro y paja. Los materiales seleccionados y los utensilios aut\u00f3ctonos, confeccionados por artesanos de la zona, decoran cada departamento para evocar y aprender de esa herencia originaria: la greda diaguita, la madera atacame\u00f1a, los telares colla, la totora y la brea de Totoral.\r\n\r\nCkamur est\u00e1 orientado al etnoturismo, permitiendo a los hu\u00e9spedes conocer el patrimonio cultural arqueol\u00f3gico de la regi\u00f3n de Atacama no s\u00f3lo a trav\u00e9s de sus instalaciones, sino tambi\u00e9n visitando en terreno los vestigios ancestrales en compa\u00f1\u00eda de gu\u00edas calificados con vasta experiencia y conocimiento del patrimonio atacame\u00f1o.","protected":false},"excerpt":{"rendered":"<p>Ckamur Hospedaje boutique, Caldera &#8211; Atacama &#8211; Chile Ckamur es un hospedaje \u00e9tnico que rescata el pasado prehisp\u00e1nico del puerto de Caldera y sus alrededores, cuya construcci\u00f3n en quincha reforzada,&#8230;<\/p>\n","protected":false},"author":1,"featured_media":389,"parent":0,"menu_order":0,"comment_status":"open","ping_status":"open","template":"template-about_us.php","meta":[],"_links":{"self":[{"href":"https:\/\/wp.ckamur.cl\/fr\/wp-json\/wp\/v2\/pages\/57"}],"collection":[{"href":"https:\/\/wp.ckamur.cl\/fr\/wp-json\/wp\/v2\/pages"}],"about":[{"href":"https:\/\/wp.ckamur.cl\/fr\/wp-json\/wp\/v2\/types\/page"}],"author":[{"embeddable":true,"href":"https:\/\/wp.ckamur.cl\/fr\/wp-json\/wp\/v2\/users\/1"}],"replies":[{"embeddable":true,"href":"https:\/\/wp.ckamur.cl\/fr\/wp-json\/wp\/v2\/comments?post=57"}],"version-history":[{"count":16,"href":"https:\/\/wp.ckamur.cl\/fr\/wp-json\/wp\/v2\/pages\/57\/revisions"}],"predecessor-version":[{"id":797,"href":"https:\/\/wp.ckamur.cl\/fr\/wp-json\/wp\/v2\/pages\/57\/revisions\/797"}],"wp:featuredmedia":[{"embeddable":true,"href":"https:\/\/wp.ckamur.cl\/fr\/wp-json\/wp\/v2\/media\/389"}],"wp:attachment":[{"href":"https:\/\/wp.ckamur.cl\/fr\/wp-json\/wp\/v2\/media?parent=57"}],"curies":[{"name":"wp","href":"https:\/\/api.w.org\/{rel}","templated":true}]}}