{"id":76,"date":"2014-10-06T10:41:15","date_gmt":"2014-10-06T10:41:15","guid":{"rendered":"http:\/\/www.holiday.umbrella.al\/light\/?page_id=76"},"modified":"2015-11-05T16:13:42","modified_gmt":"2015-11-05T16:13:42","slug":"attractions","status":"publish","type":"page","link":"https:\/\/wp.ckamur.cl\/de\/attractions\/","title":{"rendered":"Atracciones"},"content":{"rendered":"<h5><strong><span style=\"color: #e2b55d;\">Conoce un poco m\u00e1s en Caldera<\/span><\/strong><\/h5>\r\nLa ciudad de Caldera, capital comunal, ubicado en una abrigada bah\u00eda, a 75 km. al noroeste de Copiap\u00f3, es el centro de servicios de una amplia zona costera. De variada infraestructura y equipamiento tur\u00edstico, ve aumentar considerablemente su poblaci\u00f3n durante el per\u00edodo estival con visitantes de la regi\u00f3n, del resto del pa\u00eds y tambi\u00e9n de la zona lim\u00edtrofe argentina del noroeste. Caldera tiene variados atractivos tur\u00edsticos entre los cuales destacan su iglesia, la Ex Estaci\u00f3n de FF.CC ( Monumento Nacional ), el Centro de Cultura de la Universidad de Atacama, Ex Aduana, tambi\u00e9n Monumento Nacional, la Casa Siggelkow de propiedad actual de la familia Sayago, el Club de Yates, con el monumento en homenaje a Jacques Cousteau. Finalmente, Caldera tambi\u00e9n ha sido reconocida por su cementerio, que fue el primer cementerio laico del pa\u00eds. Durante el a\u00f1o, el puerto tiene actividad portuaria muy variada desde el comercio de las primeras uvas del pa\u00eds hacia los mercados internacionales, hasta el transporte del concentrado de cobre. Tambi\u00e9n hay un importante desembarque de una variada pesca artesanal e industrial. Las playas de Caldera destacan por su quietud, entre ellas las playas Mansa y Brava y otras m\u00e1s lejanas. Igualmente, el \u00e1rea y campo de dunas cercanos, ofrecen la posibilidad de disfrutar, realizando distintos tipos de actividades en un marco paisaj\u00edstico \u00fanico, de gran belleza.\r\n\r\n<strong>Atracciones \/\u00a0Actividades:\u00a0<\/strong>Trekking, paseos en bicicleta, mountainbike, banano, esqu\u00ed acu\u00e1tico, kayak de mar, nataci\u00f3n, picnic, sandboard, surf, windsurf, velerismo, contemplaci\u00f3n de flora y fauna, fotograf\u00eda.\r\n\r\n<strong>Ubicaci\u00f3n:\u00a0<\/strong>Tercera regi\u00f3n. Localizada a 75 kil\u00f3metros al noroeste de Copiap\u00f3.\r\n\r\n<strong>C\u00f3mo llegar:\u00a0<\/strong>Cualquier punto nacional-Caldera: v\u00eda terrestre por Ruta 5 Norte en el kil\u00f3metro 880, y v\u00eda acu\u00e1tica al Puerto de Caldera.\r\n\r\n<strong>Cuando ir:\u00a0<\/strong>Todo el a\u00f1o\r\n\r\n<strong>Clima:\u00a0<\/strong>Des\u00e9rtico con temperaturas homog\u00e9neas en la costa. La temperatura m\u00e1xima promedio es de 18,4\u00ba C y la m\u00ednima de 4,9\u00ba C. Las precipitaciones son casi nulas pero con abundante nubosidad costera, con una m\u00e1xima promedio de 14,8 mm.\r\n\r\n<strong>Servicios:\u00a0<\/strong>Alojamiento, alimentaci\u00f3n.\r\n\r\n<strong>Alrededores:\u00a0<\/strong>Bah\u00eda Cisne, Bah\u00eda Inglesa, Balneario Flamenco, Cha\u00f1aral, Isla Pan de Az\u00facar, Playa El Chuncho, Playa Puerto Viejo.","protected":false},"excerpt":{"rendered":"<p>Conoce un poco m\u00e1s en Caldera La ciudad de Caldera, capital comunal, ubicado en una abrigada bah\u00eda, a 75 km. al noroeste de Copiap\u00f3, es el centro de servicios de&#8230;<\/p>\n","protected":false},"author":1,"featured_media":405,"parent":0,"menu_order":0,"comment_status":"open","ping_status":"open","template":"template-atractions.php","meta":[],"_links":{"self":[{"href":"https:\/\/wp.ckamur.cl\/de\/wp-json\/wp\/v2\/pages\/76"}],"collection":[{"href":"https:\/\/wp.ckamur.cl\/de\/wp-json\/wp\/v2\/pages"}],"about":[{"href":"https:\/\/wp.ckamur.cl\/de\/wp-json\/wp\/v2\/types\/page"}],"author":[{"embeddable":true,"href":"https:\/\/wp.ckamur.cl\/de\/wp-json\/wp\/v2\/users\/1"}],"replies":[{"embeddable":true,"href":"https:\/\/wp.ckamur.cl\/de\/wp-json\/wp\/v2\/comments?post=76"}],"version-history":[{"count":12,"href":"https:\/\/wp.ckamur.cl\/de\/wp-json\/wp\/v2\/pages\/76\/revisions"}],"predecessor-version":[{"id":437,"href":"https:\/\/wp.ckamur.cl\/de\/wp-json\/wp\/v2\/pages\/76\/revisions\/437"}],"wp:featuredmedia":[{"embeddable":true,"href":"https:\/\/wp.ckamur.cl\/de\/wp-json\/wp\/v2\/media\/405"}],"wp:attachment":[{"href":"https:\/\/wp.ckamur.cl\/de\/wp-json\/wp\/v2\/media?parent=76"}],"curies":[{"name":"wp","href":"https:\/\/api.w.org\/{rel}","templated":true}]}}